{"id":4162,"date":"2021-01-15T02:57:13","date_gmt":"2021-01-15T02:57:13","guid":{"rendered":"https:\/\/frageroils.com\/our-product\/"},"modified":"2024-01-25T17:31:32","modified_gmt":"2024-01-25T17:31:32","slug":"our-product","status":"publish","type":"page","link":"https:\/\/frageroils.com\/fr\/our-product\/","title":{"rendered":"Notre produit"},"content":{"rendered":"\t\t<div data-elementor-type=\"wp-page\" data-elementor-id=\"4162\" class=\"elementor elementor-4162 elementor-2533\">\n\t\t\t\t\t\t<section class=\"elementor-section elementor-top-section elementor-element elementor-element-1f8a4689 elementor-section-boxed elementor-section-height-default elementor-section-height-default\" data-id=\"1f8a4689\" data-element_type=\"section\" data-e-type=\"section\">\n\t\t\t\t\t\t<div class=\"elementor-container elementor-column-gap-default\">\n\t\t\t\t\t<div class=\"elementor-column elementor-col-100 elementor-top-column elementor-element elementor-element-52352f08\" data-id=\"52352f08\" data-element_type=\"column\" data-e-type=\"column\">\n\t\t\t<div class=\"elementor-widget-wrap elementor-element-populated\">\n\t\t\t\t\t\t<div class=\"elementor-element elementor-element-4454b4e6 elementor-widget elementor-widget-heading\" data-id=\"4454b4e6\" data-element_type=\"widget\" data-e-type=\"widget\" data-widget_type=\"heading.default\">\n\t\t\t\t<div class=\"elementor-widget-container\">\n\t\t\t\t\t<h1 class=\"elementor-heading-title elementor-size-xl\">NOTRE PRODUIT<\/h1>\t\t\t\t<\/div>\n\t\t\t\t<\/div>\n\t\t\t\t<div class=\"elementor-element elementor-element-5a8f5bb elementor-widget-divider--view-line elementor-widget elementor-widget-divider\" data-id=\"5a8f5bb\" data-element_type=\"widget\" data-e-type=\"widget\" data-widget_type=\"divider.default\">\n\t\t\t\t<div class=\"elementor-widget-container\">\n\t\t\t\t\t\t\t<div class=\"elementor-divider\">\n\t\t\t<span class=\"elementor-divider-separator\">\n\t\t\t\t\t\t<\/span>\n\t\t<\/div>\n\t\t\t\t\t\t<\/div>\n\t\t\t\t<\/div>\n\t\t\t\t\t<\/div>\n\t\t<\/div>\n\t\t\t\t\t<\/div>\n\t\t<\/section>\n\t\t\t\t<section class=\"elementor-section elementor-top-section elementor-element elementor-element-68f06f2a elementor-section-boxed elementor-section-height-default elementor-section-height-default\" data-id=\"68f06f2a\" data-element_type=\"section\" data-e-type=\"section\">\n\t\t\t\t\t\t<div class=\"elementor-container elementor-column-gap-default\">\n\t\t\t\t\t<div class=\"elementor-column elementor-col-50 elementor-top-column elementor-element elementor-element-94be31e\" data-id=\"94be31e\" data-element_type=\"column\" data-e-type=\"column\">\n\t\t\t<div class=\"elementor-widget-wrap elementor-element-populated\">\n\t\t\t\t\t\t<div class=\"elementor-element elementor-element-772a7a8a elementor-widget elementor-widget-text-editor\" data-id=\"772a7a8a\" data-element_type=\"widget\" data-e-type=\"widget\" data-widget_type=\"text-editor.default\">\n\t\t\t\t<div class=\"elementor-widget-container\">\n\t\t\t\t\t\t\t\t\t<p>Notre objectif est d\u2019offrir \u00e0 notre client\u00e8le une huile essentielle de qualit\u00e9 respectant les bonnes pratiques de production, accessible \u00e0 des prix comp\u00e9titifs, dans les meilleurs d\u00e9lais et conditions. Nous pouvons offrir un produit vari\u00e9 selon les besoins de nos clients\u00a0: du v\u00e9tiver conventionnel, du certifi\u00e9 commerce \u00e9quitable, etc.<\/p><h4>DU V\u00c9TIVER \u00c0 L&rsquo;HUILE ESSENTIELLE<\/h4><h5>La culture<\/h5><p>Le v\u00e9tiver (Vetiveria zizanioides), fameuse plante de la famille des gramin\u00e9es, est \u00e0 l\u2019origine de notre huile essentielle.\u00a0 Il s\u2019agit d\u2019une herbe originaire de l\u2019Inde, tr\u00e8s pris\u00e9e en parfumerie et en aromath\u00e9rapie pour l\u2019huile aromatique contenue dans ses racines.<\/p><p>Les racines du v\u00e9tiver sont denses, fines, enchev\u00eatr\u00e9es et poussent en profondeur. Quant \u00e0 ses minces et rigides feuilles, elles forment de longues touffes d\u2019herbes verdoyantes pouvant atteindre jusqu&rsquo;\u00e0 1,5 m\u00e8tre de haut. A la r\u00e9colte, les plants sont ras\u00e9s de leurs feuilles et leurs racines sont fouill\u00e9es \u00e0 l\u2019aide de pioches pour \u00eatre nettoy\u00e9es de l\u2019exc\u00e8s de terre, s\u00e9ch\u00e9es, mises en balles et transport\u00e9es par l\u2019usine. La souche-m\u00e8re est replant\u00e9e le jour m\u00eame de la r\u00e9colte et produit rapidement de nouvelles racines, alors que les feuilles sont r\u00e9pandues sur le sol servant de mulch et de protection contre le soleil, les intemp\u00e9ries et l\u2019\u00e9rosion.<\/p>\t\t\t\t\t\t\t\t<\/div>\n\t\t\t\t<\/div>\n\t\t\t\t\t<\/div>\n\t\t<\/div>\n\t\t\t\t<div class=\"elementor-column elementor-col-50 elementor-top-column elementor-element elementor-element-ad523a2\" data-id=\"ad523a2\" data-element_type=\"column\" data-e-type=\"column\">\n\t\t\t<div class=\"elementor-widget-wrap elementor-element-populated\">\n\t\t\t\t\t\t<div class=\"elementor-element elementor-element-2a47c20 elementor-arrows-position-inside elementor-pagination-position-outside elementor-widget elementor-widget-image-carousel\" data-id=\"2a47c20\" data-element_type=\"widget\" data-e-type=\"widget\" data-settings=\"{&quot;slides_to_show&quot;:&quot;1&quot;,&quot;autoplay_speed&quot;:5500,&quot;speed&quot;:21,&quot;navigation&quot;:&quot;both&quot;,&quot;autoplay&quot;:&quot;yes&quot;,&quot;pause_on_hover&quot;:&quot;yes&quot;,&quot;pause_on_interaction&quot;:&quot;yes&quot;,&quot;infinite&quot;:&quot;yes&quot;,&quot;effect&quot;:&quot;slide&quot;}\" data-widget_type=\"image-carousel.default\">\n\t\t\t\t<div class=\"elementor-widget-container\">\n\t\t\t\t\t\t\t<div class=\"elementor-image-carousel-wrapper swiper\" role=\"region\" aria-roledescription=\"carousel\" aria-label=\"Carrousel d\u2019images\" dir=\"ltr\">\n\t\t\t<div class=\"elementor-image-carousel swiper-wrapper swiper-image-stretch\" aria-live=\"off\">\n\t\t\t\t\t\t\t\t<div class=\"swiper-slide\" role=\"group\" aria-roledescription=\"slide\" aria-label=\"1 sur 14\"><a data-elementor-open-lightbox=\"yes\" data-elementor-lightbox-slideshow=\"2a47c20\" data-elementor-lightbox-title=\"1. 22 copy\" data-e-action-hash=\"#elementor-action%3Aaction%3Dlightbox%26settings%3DeyJpZCI6Mzc4MSwidXJsIjoiaHR0cHM6XC9cL2ZyYWdlcm9pbHMuY29tXC93cC1jb250ZW50XC91cGxvYWRzXC8yMDIxXC8wMVwvMS4tMjItY29weS1zY2FsZWQuanBnIiwic2xpZGVzaG93IjoiMmE0N2MyMCJ9\" href=\"https:\/\/frageroils.com\/wp-content\/uploads\/2021\/01\/1.-22-copy-scaled.jpg\"><figure class=\"swiper-slide-inner\"><img decoding=\"async\" class=\"swiper-slide-image\" src=\"https:\/\/frageroils.com\/wp-content\/uploads\/2021\/01\/1.-22-copy-770x750.jpg\" alt=\"1. 22 copy\" \/><\/figure><\/a><\/div><div class=\"swiper-slide\" role=\"group\" aria-roledescription=\"slide\" aria-label=\"2 sur 14\"><a data-elementor-open-lightbox=\"yes\" data-elementor-lightbox-slideshow=\"2a47c20\" data-elementor-lightbox-title=\"09\" data-e-action-hash=\"#elementor-action%3Aaction%3Dlightbox%26settings%3DeyJpZCI6Mzc4MywidXJsIjoiaHR0cHM6XC9cL2ZyYWdlcm9pbHMuY29tXC93cC1jb250ZW50XC91cGxvYWRzXC8yMDIxXC8wMVwvMDktc2NhbGVkLmpwZyIsInNsaWRlc2hvdyI6IjJhNDdjMjAifQ%3D%3D\" href=\"https:\/\/frageroils.com\/wp-content\/uploads\/2021\/01\/09-scaled.jpg\"><figure class=\"swiper-slide-inner\"><img decoding=\"async\" class=\"swiper-slide-image\" src=\"https:\/\/frageroils.com\/wp-content\/uploads\/2021\/01\/09-770x750.jpg\" alt=\"09\" \/><\/figure><\/a><\/div><div class=\"swiper-slide\" role=\"group\" aria-roledescription=\"slide\" aria-label=\"3 sur 14\"><a data-elementor-open-lightbox=\"yes\" data-elementor-lightbox-slideshow=\"2a47c20\" data-elementor-lightbox-title=\"10\" data-e-action-hash=\"#elementor-action%3Aaction%3Dlightbox%26settings%3DeyJpZCI6Mzc4NSwidXJsIjoiaHR0cHM6XC9cL2ZyYWdlcm9pbHMuY29tXC93cC1jb250ZW50XC91cGxvYWRzXC8yMDIxXC8wMVwvMTAtc2NhbGVkLmpwZyIsInNsaWRlc2hvdyI6IjJhNDdjMjAifQ%3D%3D\" href=\"https:\/\/frageroils.com\/wp-content\/uploads\/2021\/01\/10-scaled.jpg\"><figure class=\"swiper-slide-inner\"><img decoding=\"async\" class=\"swiper-slide-image\" src=\"https:\/\/frageroils.com\/wp-content\/uploads\/2021\/01\/10-770x750.jpg\" alt=\"10\" \/><\/figure><\/a><\/div><div class=\"swiper-slide\" role=\"group\" aria-roledescription=\"slide\" aria-label=\"4 sur 14\"><a data-elementor-open-lightbox=\"yes\" data-elementor-lightbox-slideshow=\"2a47c20\" data-elementor-lightbox-title=\"11 copy\" data-e-action-hash=\"#elementor-action%3Aaction%3Dlightbox%26settings%3DeyJpZCI6Mzc4OCwidXJsIjoiaHR0cHM6XC9cL2ZyYWdlcm9pbHMuY29tXC93cC1jb250ZW50XC91cGxvYWRzXC8yMDIxXC8wMVwvMTEtY29weS5qcGciLCJzbGlkZXNob3ciOiIyYTQ3YzIwIn0%3D\" href=\"https:\/\/frageroils.com\/wp-content\/uploads\/2021\/01\/11-copy.jpg\"><figure class=\"swiper-slide-inner\"><img decoding=\"async\" class=\"swiper-slide-image\" src=\"https:\/\/frageroils.com\/wp-content\/uploads\/2021\/01\/11-copy.jpg\" alt=\"11 copy\" \/><\/figure><\/a><\/div><div class=\"swiper-slide\" role=\"group\" aria-roledescription=\"slide\" aria-label=\"5 sur 14\"><a data-elementor-open-lightbox=\"yes\" data-elementor-lightbox-slideshow=\"2a47c20\" data-elementor-lightbox-title=\"12 copy\" data-e-action-hash=\"#elementor-action%3Aaction%3Dlightbox%26settings%3DeyJpZCI6Mzc5MCwidXJsIjoiaHR0cHM6XC9cL2ZyYWdlcm9pbHMuY29tXC93cC1jb250ZW50XC91cGxvYWRzXC8yMDIxXC8wMVwvMTItY29weS5qcGciLCJzbGlkZXNob3ciOiIyYTQ3YzIwIn0%3D\" href=\"https:\/\/frageroils.com\/wp-content\/uploads\/2021\/01\/12-copy.jpg\"><figure class=\"swiper-slide-inner\"><img decoding=\"async\" class=\"swiper-slide-image\" src=\"https:\/\/frageroils.com\/wp-content\/uploads\/2021\/01\/12-copy-770x750.jpg\" alt=\"12 copy\" \/><\/figure><\/a><\/div><div class=\"swiper-slide\" role=\"group\" aria-roledescription=\"slide\" aria-label=\"6 sur 14\"><a data-elementor-open-lightbox=\"yes\" data-elementor-lightbox-slideshow=\"2a47c20\" data-elementor-lightbox-title=\"13\" data-e-action-hash=\"#elementor-action%3Aaction%3Dlightbox%26settings%3DeyJpZCI6Mzc5MiwidXJsIjoiaHR0cHM6XC9cL2ZyYWdlcm9pbHMuY29tXC93cC1jb250ZW50XC91cGxvYWRzXC8yMDIxXC8wMVwvMTMtc2NhbGVkLmpwZyIsInNsaWRlc2hvdyI6IjJhNDdjMjAifQ%3D%3D\" href=\"https:\/\/frageroils.com\/wp-content\/uploads\/2021\/01\/13-scaled.jpg\"><figure class=\"swiper-slide-inner\"><img decoding=\"async\" class=\"swiper-slide-image\" src=\"https:\/\/frageroils.com\/wp-content\/uploads\/2021\/01\/13-770x750.jpg\" alt=\"13\" \/><\/figure><\/a><\/div><div class=\"swiper-slide\" role=\"group\" aria-roledescription=\"slide\" aria-label=\"7 sur 14\"><a data-elementor-open-lightbox=\"yes\" data-elementor-lightbox-slideshow=\"2a47c20\" data-elementor-lightbox-title=\"14 copy\" data-e-action-hash=\"#elementor-action%3Aaction%3Dlightbox%26settings%3DeyJpZCI6Mzc5NCwidXJsIjoiaHR0cHM6XC9cL2ZyYWdlcm9pbHMuY29tXC93cC1jb250ZW50XC91cGxvYWRzXC8yMDIxXC8wMVwvMTQtY29weS5qcGciLCJzbGlkZXNob3ciOiIyYTQ3YzIwIn0%3D\" href=\"https:\/\/frageroils.com\/wp-content\/uploads\/2021\/01\/14-copy.jpg\"><figure class=\"swiper-slide-inner\"><img decoding=\"async\" class=\"swiper-slide-image\" src=\"https:\/\/frageroils.com\/wp-content\/uploads\/2021\/01\/14-copy-770x750.jpg\" alt=\"14 copy\" \/><\/figure><\/a><\/div><div class=\"swiper-slide\" role=\"group\" aria-roledescription=\"slide\" aria-label=\"8 sur 14\"><a data-elementor-open-lightbox=\"yes\" data-elementor-lightbox-slideshow=\"2a47c20\" data-elementor-lightbox-title=\"15 copy\" data-e-action-hash=\"#elementor-action%3Aaction%3Dlightbox%26settings%3DeyJpZCI6Mzc5NiwidXJsIjoiaHR0cHM6XC9cL2ZyYWdlcm9pbHMuY29tXC93cC1jb250ZW50XC91cGxvYWRzXC8yMDIxXC8wMVwvMTUtY29weS5qcGciLCJzbGlkZXNob3ciOiIyYTQ3YzIwIn0%3D\" href=\"https:\/\/frageroils.com\/wp-content\/uploads\/2021\/01\/15-copy.jpg\"><figure class=\"swiper-slide-inner\"><img decoding=\"async\" class=\"swiper-slide-image\" src=\"https:\/\/frageroils.com\/wp-content\/uploads\/2021\/01\/15-copy-770x750.jpg\" alt=\"15 copy\" \/><\/figure><\/a><\/div><div class=\"swiper-slide\" role=\"group\" aria-roledescription=\"slide\" aria-label=\"9 sur 14\"><a data-elementor-open-lightbox=\"yes\" data-elementor-lightbox-slideshow=\"2a47c20\" data-elementor-lightbox-title=\"16 copy\" data-e-action-hash=\"#elementor-action%3Aaction%3Dlightbox%26settings%3DeyJpZCI6Mzc5OCwidXJsIjoiaHR0cHM6XC9cL2ZyYWdlcm9pbHMuY29tXC93cC1jb250ZW50XC91cGxvYWRzXC8yMDIxXC8wMVwvMTYtY29weS5qcGciLCJzbGlkZXNob3ciOiIyYTQ3YzIwIn0%3D\" href=\"https:\/\/frageroils.com\/wp-content\/uploads\/2021\/01\/16-copy.jpg\"><figure class=\"swiper-slide-inner\"><img decoding=\"async\" class=\"swiper-slide-image\" src=\"https:\/\/frageroils.com\/wp-content\/uploads\/2021\/01\/16-copy-770x750.jpg\" alt=\"16 copy\" \/><\/figure><\/a><\/div><div class=\"swiper-slide\" role=\"group\" aria-roledescription=\"slide\" aria-label=\"10 sur 14\"><a data-elementor-open-lightbox=\"yes\" data-elementor-lightbox-slideshow=\"2a47c20\" data-elementor-lightbox-title=\"17 copy\" data-e-action-hash=\"#elementor-action%3Aaction%3Dlightbox%26settings%3DeyJpZCI6MzgwMCwidXJsIjoiaHR0cHM6XC9cL2ZyYWdlcm9pbHMuY29tXC93cC1jb250ZW50XC91cGxvYWRzXC8yMDIxXC8wMVwvMTctY29weS5qcGciLCJzbGlkZXNob3ciOiIyYTQ3YzIwIn0%3D\" href=\"https:\/\/frageroils.com\/wp-content\/uploads\/2021\/01\/17-copy.jpg\"><figure class=\"swiper-slide-inner\"><img decoding=\"async\" class=\"swiper-slide-image\" src=\"https:\/\/frageroils.com\/wp-content\/uploads\/2021\/01\/17-copy-770x722.jpg\" alt=\"17 copy\" \/><\/figure><\/a><\/div><div class=\"swiper-slide\" role=\"group\" aria-roledescription=\"slide\" aria-label=\"11 sur 14\"><a data-elementor-open-lightbox=\"yes\" data-elementor-lightbox-slideshow=\"2a47c20\" data-elementor-lightbox-title=\"18 copy\" data-e-action-hash=\"#elementor-action%3Aaction%3Dlightbox%26settings%3DeyJpZCI6MzgwMiwidXJsIjoiaHR0cHM6XC9cL2ZyYWdlcm9pbHMuY29tXC93cC1jb250ZW50XC91cGxvYWRzXC8yMDIxXC8wMVwvMTgtY29weS1zY2FsZWQuanBnIiwic2xpZGVzaG93IjoiMmE0N2MyMCJ9\" href=\"https:\/\/frageroils.com\/wp-content\/uploads\/2021\/01\/18-copy-scaled.jpg\"><figure class=\"swiper-slide-inner\"><img decoding=\"async\" class=\"swiper-slide-image\" src=\"https:\/\/frageroils.com\/wp-content\/uploads\/2021\/01\/18-copy-770x750.jpg\" alt=\"18 copy\" \/><\/figure><\/a><\/div><div class=\"swiper-slide\" role=\"group\" aria-roledescription=\"slide\" aria-label=\"12 sur 14\"><a data-elementor-open-lightbox=\"yes\" data-elementor-lightbox-slideshow=\"2a47c20\" data-elementor-lightbox-title=\"19\" data-e-action-hash=\"#elementor-action%3Aaction%3Dlightbox%26settings%3DeyJpZCI6MzgwNCwidXJsIjoiaHR0cHM6XC9cL2ZyYWdlcm9pbHMuY29tXC93cC1jb250ZW50XC91cGxvYWRzXC8yMDIxXC8wMVwvMTktc2NhbGVkLmpwZyIsInNsaWRlc2hvdyI6IjJhNDdjMjAifQ%3D%3D\" href=\"https:\/\/frageroils.com\/wp-content\/uploads\/2021\/01\/19-scaled.jpg\"><figure class=\"swiper-slide-inner\"><img decoding=\"async\" class=\"swiper-slide-image\" src=\"https:\/\/frageroils.com\/wp-content\/uploads\/2021\/01\/19-770x750.jpg\" alt=\"19\" \/><\/figure><\/a><\/div><div class=\"swiper-slide\" role=\"group\" aria-roledescription=\"slide\" aria-label=\"13 sur 14\"><a data-elementor-open-lightbox=\"yes\" data-elementor-lightbox-slideshow=\"2a47c20\" data-elementor-lightbox-title=\"20 copy\" data-e-action-hash=\"#elementor-action%3Aaction%3Dlightbox%26settings%3DeyJpZCI6MzgwNiwidXJsIjoiaHR0cHM6XC9cL2ZyYWdlcm9pbHMuY29tXC93cC1jb250ZW50XC91cGxvYWRzXC8yMDIxXC8wMVwvMjAtY29weS1zY2FsZWQuanBnIiwic2xpZGVzaG93IjoiMmE0N2MyMCJ9\" href=\"https:\/\/frageroils.com\/wp-content\/uploads\/2021\/01\/20-copy-scaled.jpg\"><figure class=\"swiper-slide-inner\"><img decoding=\"async\" class=\"swiper-slide-image\" src=\"https:\/\/frageroils.com\/wp-content\/uploads\/2021\/01\/20-copy-770x750.jpg\" alt=\"20 copy\" \/><\/figure><\/a><\/div><div class=\"swiper-slide\" role=\"group\" aria-roledescription=\"slide\" aria-label=\"14 sur 14\"><a data-elementor-open-lightbox=\"yes\" data-elementor-lightbox-slideshow=\"2a47c20\" data-elementor-lightbox-title=\"21 copy\" data-e-action-hash=\"#elementor-action%3Aaction%3Dlightbox%26settings%3DeyJpZCI6MzgwOCwidXJsIjoiaHR0cHM6XC9cL2ZyYWdlcm9pbHMuY29tXC93cC1jb250ZW50XC91cGxvYWRzXC8yMDIxXC8wMVwvMjEtY29weS1zY2FsZWQuanBnIiwic2xpZGVzaG93IjoiMmE0N2MyMCJ9\" href=\"https:\/\/frageroils.com\/wp-content\/uploads\/2021\/01\/21-copy-scaled.jpg\"><figure class=\"swiper-slide-inner\"><img decoding=\"async\" class=\"swiper-slide-image\" src=\"https:\/\/frageroils.com\/wp-content\/uploads\/2021\/01\/21-copy-770x750.jpg\" alt=\"21 copy\" \/><\/figure><\/a><\/div>\t\t\t<\/div>\n\t\t\t\t\t\t\t\t\t\t\t\t<div class=\"elementor-swiper-button elementor-swiper-button-prev\" role=\"button\" tabindex=\"0\">\n\t\t\t\t\t\t<i aria-hidden=\"true\" class=\"eicon-chevron-left\"><\/i>\t\t\t\t\t<\/div>\n\t\t\t\t\t<div class=\"elementor-swiper-button elementor-swiper-button-next\" role=\"button\" tabindex=\"0\">\n\t\t\t\t\t\t<i aria-hidden=\"true\" class=\"eicon-chevron-right\"><\/i>\t\t\t\t\t<\/div>\n\t\t\t\t\n\t\t\t\t\t\t\t\t\t<div class=\"swiper-pagination\"><\/div>\n\t\t\t\t\t\t\t\t\t<\/div>\n\t\t\t\t\t\t<\/div>\n\t\t\t\t<\/div>\n\t\t\t\t\t<\/div>\n\t\t<\/div>\n\t\t\t\t\t<\/div>\n\t\t<\/section>\n\t\t\t\t<section class=\"elementor-section elementor-top-section elementor-element elementor-element-c2556ec elementor-section-boxed elementor-section-height-default elementor-section-height-default\" data-id=\"c2556ec\" data-element_type=\"section\" data-e-type=\"section\">\n\t\t\t\t\t\t<div class=\"elementor-container elementor-column-gap-default\">\n\t\t\t\t\t<div class=\"elementor-column elementor-col-100 elementor-top-column elementor-element elementor-element-50419bd\" data-id=\"50419bd\" data-element_type=\"column\" data-e-type=\"column\">\n\t\t\t<div class=\"elementor-widget-wrap elementor-element-populated\">\n\t\t\t\t\t\t<div class=\"elementor-element elementor-element-7df9de8 elementor-widget elementor-widget-text-editor\" data-id=\"7df9de8\" data-element_type=\"widget\" data-e-type=\"widget\" data-widget_type=\"text-editor.default\">\n\t\t\t\t<div class=\"elementor-widget-container\">\n\t\t\t\t\t\t\t\t\t<p><span style=\"color: #2c3a42; font-family: Montserrat, sans-serif; font-size: 18px; letter-spacing: 0.02px; text-align: inherit;\">La transformation<\/span><\/p><p>Une fois le v\u00e9tiver achemin\u00e9 \u00e0 l\u2019usine, on entame le processus de transformation.\u00a0 L\u2019huile essentielle est extraite des racines \u00e0 travers une distillation \u00e0 la vapeur d\u2019eau allant de 7 \u00e0 15 heures. Les racines \u00e2g\u00e9es de 12 \u00e0 24 mois permettent d\u2019obtenir une huile de meilleure qualit\u00e9. Apr\u00e8s la distillation, le produit est purifi\u00e9 et d\u00e9barrass\u00e9 des notes ind\u00e9sirables.<\/p><p>Il r\u00e9sulte de la transformation du v\u00e9tiver un produit d\u2019une belle couleur ambre brun. Une huile aromatique profonde, dont les notes vertes, agrumes viennent adoucir son c\u00f4t\u00e9 bois\u00e9, terreux et l\u00e9g\u00e8rement fum\u00e9.<\/p><p>Ha\u00efti, Java, l\u2019Inde, la Chine et le Br\u00e9sil sont les principaux producteurs de v\u00e9tiver. Mais la qualit\u00e9 ha\u00eftienne est la plus appr\u00e9ci\u00e9e, ce qui fait du pays le premier producteur mondial d\u2019huile de v\u00e9tiver.<\/p><h5>Usages et vertus de l\u2019huile de V\u00e9tiver<\/h5><p>Si le v\u00e9tiver, largement utilis\u00e9 en parfumerie, fait le bonheur des parfumeurs pour son odeur unique et complexe, en aromath\u00e9rapie c\u2019est un prodige pour stimuler la circulation sanguine et les d\u00e9fenses immunitaires, calmer la tension nerveuse et lutter contre le stress et l\u2019anxi\u00e9t\u00e9.<\/p>\t\t\t\t\t\t\t\t<\/div>\n\t\t\t\t<\/div>\n\t\t\t\t\t<\/div>\n\t\t<\/div>\n\t\t\t\t\t<\/div>\n\t\t<\/section>\n\t\t\t\t<section class=\"elementor-section elementor-top-section elementor-element elementor-element-0126fa5 elementor-section-boxed elementor-section-height-default elementor-section-height-default\" data-id=\"0126fa5\" data-element_type=\"section\" data-e-type=\"section\" data-settings=\"{&quot;background_background&quot;:&quot;classic&quot;}\">\n\t\t\t\t\t\t<div class=\"elementor-container elementor-column-gap-no\">\n\t\t\t\t\t<div class=\"elementor-column elementor-col-100 elementor-top-column elementor-element elementor-element-b9901c1\" data-id=\"b9901c1\" data-element_type=\"column\" data-e-type=\"column\">\n\t\t\t<div class=\"elementor-widget-wrap\">\n\t\t\t\t\t\t\t<\/div>\n\t\t<\/div>\n\t\t\t\t\t<\/div>\n\t\t<\/section>\n\t\t\t\t<\/div>\n\t\t","protected":false},"excerpt":{"rendered":"<p>NOTRE PRODUIT Notre objectif est d\u2019offrir \u00e0 notre client\u00e8le une huile essentielle de qualit\u00e9 respectant les bonnes pratiques de production, accessible \u00e0 des prix comp\u00e9titifs, dans les meilleurs d\u00e9lais et conditions. Nous pouvons offrir un produit vari\u00e9 selon les besoins de nos clients\u00a0: du v\u00e9tiver conventionnel, du certifi\u00e9 commerce \u00e9quitable, etc. DU V\u00c9TIVER \u00c0 L&rsquo;HUILE [&hellip;]<\/p>\n","protected":false},"author":1,"featured_media":0,"parent":0,"menu_order":0,"comment_status":"closed","ping_status":"closed","template":"elementor_header_footer","meta":{"footnotes":""},"class_list":["post-4162","page","type-page","status-publish","hentry","no-thumb"],"_links":{"self":[{"href":"https:\/\/frageroils.com\/fr\/wp-json\/wp\/v2\/pages\/4162","targetHints":{"allow":["GET"]}}],"collection":[{"href":"https:\/\/frageroils.com\/fr\/wp-json\/wp\/v2\/pages"}],"about":[{"href":"https:\/\/frageroils.com\/fr\/wp-json\/wp\/v2\/types\/page"}],"author":[{"embeddable":true,"href":"https:\/\/frageroils.com\/fr\/wp-json\/wp\/v2\/users\/1"}],"replies":[{"embeddable":true,"href":"https:\/\/frageroils.com\/fr\/wp-json\/wp\/v2\/comments?post=4162"}],"version-history":[{"count":13,"href":"https:\/\/frageroils.com\/fr\/wp-json\/wp\/v2\/pages\/4162\/revisions"}],"predecessor-version":[{"id":4887,"href":"https:\/\/frageroils.com\/fr\/wp-json\/wp\/v2\/pages\/4162\/revisions\/4887"}],"wp:attachment":[{"href":"https:\/\/frageroils.com\/fr\/wp-json\/wp\/v2\/media?parent=4162"}],"curies":[{"name":"wp","href":"https:\/\/api.w.org\/{rel}","templated":true}]}}